{"id":1281,"date":"2024-09-20T13:25:25","date_gmt":"2024-09-20T13:25:25","guid":{"rendered":"https:\/\/mwaye-consulting.net\/?page_id=1281"},"modified":"2024-09-25T17:01:23","modified_gmt":"2024-09-25T17:01:23","slug":"maintenance","status":"publish","type":"page","link":"https:\/\/mwaye-consulting.net\/en\/","title":{"rendered":"Maintenance"},"content":{"rendered":"<div data-elementor-type=\"wp-page\" data-elementor-id=\"1281\" class=\"elementor elementor-1281\">\n\t\t\t\t<div class=\"elementor-element elementor-element-4de984c e-flex e-con-boxed wpr-particle-no wpr-jarallax-no wpr-parallax-no wpr-sticky-section-no e-con e-parent\" data-id=\"4de984c\" data-element_type=\"container\" data-e-type=\"container\" data-settings=\"{&quot;background_background&quot;:&quot;classic&quot;}\">\n\t\t\t\t\t<div class=\"e-con-inner\">\n\t\t<div class=\"elementor-element elementor-element-c3d2b4c e-con-full e-flex wpr-particle-no wpr-jarallax-no wpr-parallax-no wpr-sticky-section-no e-con e-child\" data-id=\"c3d2b4c\" data-element_type=\"container\" data-e-type=\"container\">\n\t\t<div class=\"elementor-element elementor-element-0181f0d e-con-full e-flex wpr-particle-no wpr-jarallax-no wpr-parallax-no wpr-sticky-section-no e-con e-child\" data-id=\"0181f0d\" data-element_type=\"container\" data-e-type=\"container\">\n\t\t\t\t<div class=\"elementor-element elementor-element-1634a12 elementor-widget-tablet__width-initial elementor-widget-mobile__width-initial elementor-widget elementor-widget-image\" data-id=\"1634a12\" data-element_type=\"widget\" data-e-type=\"widget\" data-widget_type=\"image.default\">\n\t\t\t\t<div class=\"elementor-widget-container\">\n\t\t\t\t\t\t\t\t\t\t\t\t\t\t\t<img fetchpriority=\"high\" decoding=\"async\" width=\"300\" height=\"175\" src=\"https:\/\/mwaye-consulting.net\/wp-content\/uploads\/2024\/09\/logo_1-300x175.png\" class=\"attachment-medium size-medium wp-image-1291\" alt=\"\" srcset=\"https:\/\/mwaye-consulting.net\/wp-content\/uploads\/2024\/09\/logo_1-300x175.png 300w, https:\/\/mwaye-consulting.net\/wp-content\/uploads\/2024\/09\/logo_1-18x12.png 18w, https:\/\/mwaye-consulting.net\/wp-content\/uploads\/2024\/09\/logo_1.png 414w\" sizes=\"(max-width: 300px) 100vw, 300px\" \/>\t\t\t\t\t\t\t\t\t\t\t\t\t\t\t<\/div>\n\t\t\t\t<\/div>\n\t\t\t\t<\/div>\n\t\t<div class=\"elementor-element elementor-element-ee180fa e-con-full e-flex wpr-particle-no wpr-jarallax-no wpr-parallax-no wpr-sticky-section-no e-con e-child\" data-id=\"ee180fa\" data-element_type=\"container\" data-e-type=\"container\">\n\t\t\t\t<div class=\"elementor-element elementor-element-61a6f23 elementor-widget elementor-widget-wpr-countdown\" data-id=\"61a6f23\" data-element_type=\"widget\" data-e-type=\"widget\" data-widget_type=\"wpr-countdown.default\">\n\t\t\t\t<div class=\"elementor-widget-container\">\n\t\t\t\t\t<div class=\"wpr-countdown-wrap elementor-clearfix\" data-type=\"due-date\" data-show-again=\"0\" data-actions=\"{&quot;hide-timer&quot;:&quot;&quot;}\" data-interval=\"1735117200\"><div class=\"wpr-countdown-item\"><span class=\"wpr-countdown-number wpr-countdown-days\" data-item=\"days\"><\/span><span class=\"wpr-countdown-label\" data-text=\"{&quot;singular&quot;:&quot;Jour&quot;,&quot;plural&quot;:&quot;Jours&quot;}\">Jours<\/span><\/div><div class=\"wpr-countdown-item\"><span class=\"wpr-countdown-number wpr-countdown-hours\" data-item=\"hours\"><\/span><span class=\"wpr-countdown-label\" data-text=\"{&quot;singular&quot;:&quot;Heure&quot;,&quot;plural&quot;:&quot;Heures&quot;}\">Heures<\/span><\/div><div class=\"wpr-countdown-item\"><span class=\"wpr-countdown-number wpr-countdown-minutes\" data-item=\"minutes\"><\/span><span class=\"wpr-countdown-label\" data-text=\"{&quot;singular&quot;:&quot;Minute&quot;,&quot;plural&quot;:&quot;Minutes&quot;}\">Minutes<\/span><\/div><div class=\"wpr-countdown-item\"><span class=\"wpr-countdown-number wpr-countdown-seconds\" data-item=\"seconds\"><\/span><span class=\"wpr-countdown-label\">Secondes<\/span><\/div><\/div>\t\t\t\t<\/div>\n\t\t\t\t<\/div>\n\t\t\t\t<\/div>\n\t\t\t\t<\/div>\n\t\t<div class=\"elementor-element elementor-element-86b39f7 e-con-full e-flex wpr-particle-no wpr-jarallax-no wpr-parallax-no wpr-sticky-section-no e-con e-child\" data-id=\"86b39f7\" data-element_type=\"container\" data-e-type=\"container\">\n\t\t<div class=\"elementor-element elementor-element-677750b e-con-full e-flex wpr-particle-no wpr-jarallax-no wpr-parallax-no wpr-sticky-section-no e-con e-child\" data-id=\"677750b\" data-element_type=\"container\" data-e-type=\"container\">\n\t\t\t\t<div class=\"elementor-element elementor-element-8768dfb elementor-widget__width-initial elementor-widget elementor-widget-heading\" data-id=\"8768dfb\" data-element_type=\"widget\" data-e-type=\"widget\" data-widget_type=\"heading.default\">\n\t\t\t\t<div class=\"elementor-widget-container\">\n\t\t\t\t\t<h2 class=\"elementor-heading-title elementor-size-default\">La communication peut para\u00eetre comme une langue \u00e0 part, mais il peut en \u00eatre autrement. Nous avons construit Mway\u00e9 pour nous assurer que l'innovation fonctionne pour vous, votre entreprise, et vos employ\u00e9s. On a h\u00e2tes d'innover avec vous\u00a0!<\/h2>\t\t\t\t<\/div>\n\t\t\t\t<\/div>\n\t\t\t\t<div class=\"elementor-element elementor-element-906cf13 elementor-widget elementor-widget-heading\" data-id=\"906cf13\" data-element_type=\"widget\" data-e-type=\"widget\" data-widget_type=\"heading.default\">\n\t\t\t\t<div class=\"elementor-widget-container\">\n\t\t\t\t\t<h2 class=\"elementor-heading-title elementor-size-default\">NOUS VOUS <br>\nAIDONS A VOUS <br>\nDEVELOPPER!<\/h2>\t\t\t\t<\/div>\n\t\t\t\t<\/div>\n\t\t\t\t<div class=\"elementor-element elementor-element-c586ee6 elementor-widget elementor-widget-button\" data-id=\"c586ee6\" data-element_type=\"widget\" data-e-type=\"widget\" data-widget_type=\"button.default\">\n\t\t\t\t<div class=\"elementor-widget-container\">\n\t\t\t\t\t\t\t\t\t<div class=\"elementor-button-wrapper\">\n\t\t\t\t\t<a class=\"elementor-button elementor-button-link elementor-size-sm\" href=\"https:\/\/mwaye-consulting.net\/en\/contact\/\">\n\t\t\t\t\t\t<span class=\"elementor-button-content-wrapper\">\n\t\t\t\t\t\t\t\t\t<span class=\"elementor-button-text\">Contact us<\/span>\n\t\t\t\t\t<\/span>\n\t\t\t\t\t<\/a>\n\t\t\t\t<\/div>\n\t\t\t\t\t\t\t\t<\/div>\n\t\t\t\t<\/div>\n\t\t\t\t<\/div>\n\t\t<div class=\"elementor-element elementor-element-2bcc364 e-con-full e-flex wpr-particle-no wpr-jarallax-no wpr-parallax-no wpr-sticky-section-no e-con e-child\" data-id=\"2bcc364\" data-element_type=\"container\" data-e-type=\"container\">\n\t\t\t\t<\/div>\n\t\t\t\t<\/div>\n\t\t\t\t\t<\/div>\n\t\t\t\t<\/div>\n\t\t\t\t<\/div>","protected":false},"excerpt":{"rendered":"<p>JoursHeuresMinutesSecondes La communication peut para\u00eetre comme une langue \u00e0 part, mais il peut en \u00eatre autrement. Nous avons construit Mway\u00e9 pour nous assurer que l&rsquo;innovation fonctionne pour vous, votre entreprise, et vos employ\u00e9s. On a h\u00e2tes d&rsquo;innover avec vous\u00a0! NOUS VOUS AIDONS A VOUS DEVELOPPER! Contactez-nous<\/p>","protected":false},"author":1,"featured_media":0,"parent":0,"menu_order":0,"comment_status":"closed","ping_status":"closed","template":"","meta":{"footnotes":""},"class_list":["post-1281","page","type-page","status-publish","hentry"],"blocksy_meta":{"has_hero_section":"disabled","content_style_source":"custom","vertical_spacing_source":"custom","content_area_spacing":"none","disable_featured_image":"yes","disable_share_box":"yes","disable_header":"yes","disable_footer":"yes","styles_descriptor":{"styles":{"desktop":"[data-prefix=\"single_page\"] [class*=\"ct-container\"] > article[class*=\"post\"] {--has-boxed:var(--false);--has-wide:var(--true);}","tablet":"","mobile":""},"google_fonts":[],"version":6},"content_style":{"desktop":"wide","tablet":"wide","mobile":"wide"}},"_links":{"self":[{"href":"https:\/\/mwaye-consulting.net\/en\/wp-json\/wp\/v2\/pages\/1281"}],"collection":[{"href":"https:\/\/mwaye-consulting.net\/en\/wp-json\/wp\/v2\/pages"}],"about":[{"href":"https:\/\/mwaye-consulting.net\/en\/wp-json\/wp\/v2\/types\/page"}],"author":[{"embeddable":true,"href":"https:\/\/mwaye-consulting.net\/en\/wp-json\/wp\/v2\/users\/1"}],"replies":[{"embeddable":true,"href":"https:\/\/mwaye-consulting.net\/en\/wp-json\/wp\/v2\/comments?post=1281"}],"version-history":[{"count":58,"href":"https:\/\/mwaye-consulting.net\/en\/wp-json\/wp\/v2\/pages\/1281\/revisions"}],"predecessor-version":[{"id":1394,"href":"https:\/\/mwaye-consulting.net\/en\/wp-json\/wp\/v2\/pages\/1281\/revisions\/1394"}],"wp:attachment":[{"href":"https:\/\/mwaye-consulting.net\/en\/wp-json\/wp\/v2\/media?parent=1281"}],"curies":[{"name":"wp","href":"https:\/\/api.w.org\/{rel}","templated":true}]}}